{"id":4977,"date":"2021-08-04T11:03:13","date_gmt":"2021-08-04T16:03:13","guid":{"rendered":"https:\/\/www.bicsa.com\/structured-finance\/"},"modified":"2023-04-27T10:02:53","modified_gmt":"2023-04-27T15:02:53","slug":"structured-finance","status":"publish","type":"page","link":"https:\/\/www.bicsa.com\/en\/corporate\/structured-finance\/","title":{"rendered":"Structured Finance"},"content":{"rendered":"\n<style type=\"text\/css\" data-created_by=\"avia_inline_auto\" id=\"style-css-av-4lmfqc-75c902fa1f6070d0e7c0f812f3cdbf6c\">\n.avia-section.av-4lmfqc-75c902fa1f6070d0e7c0f812f3cdbf6c{\nbackground-color:#f2f2f2;\nbackground-image:unset;\n}\n<\/style>\n<div id='av_section_1'  class='avia-section av-4lmfqc-75c902fa1f6070d0e7c0f812f3cdbf6c main_color avia-section-default avia-no-border-styling  avia-builder-el-0  avia-builder-el-no-sibling  avia-bg-style-scroll container_wrap sidebar_left'  ><div class='container av-section-cont-open' ><main  role=\"main\" itemprop=\"mainContentOfPage\"  class='template-page content  av-content-small units'><div class='post-entry post-entry-type-page post-entry-4977'><div class='entry-content-wrapper clearfix'>\n\n<style type=\"text\/css\" data-created_by=\"avia_inline_auto\" id=\"style-css-av-2tv4k4-3cb749da97d4dfe9db849a9655f49240\">\n.flex_column.av-2tv4k4-3cb749da97d4dfe9db849a9655f49240{\nborder-radius:0px 0px 0px 0px;\npadding:0px 0px 0px 0px;\n}\n<\/style>\n<div  class='flex_column av-2tv4k4-3cb749da97d4dfe9db849a9655f49240 av_three_fifth  avia-builder-el-1  el_before_av_two_fifth  avia-builder-el-first  first flex_column_div av-zero-column-padding  '     ><section  class='av_textblock_section av-krmkgitp-0198d32ccdb9562a64716fd6d3f6c121 '   itemscope=\"itemscope\" itemtype=\"https:\/\/schema.org\/CreativeWork\" ><div class='avia_textblock card-round card-round2'  itemprop=\"text\" ><h3>STRUCTURED FINANCE<\/h3>\n<p style=\"text-align: justify;\">Corporate financial services from structuring and syndicating as raising capital and debt for project finance transactions: energy, infrastructure, ports \/ airports, expansion of installed capacity.<\/p>\n<\/div><\/section><br \/>\n<section  class='av_textblock_section av-krnqfwvk-8e96768eb3ceb55e937052fecf03928c '   itemscope=\"itemscope\" itemtype=\"https:\/\/schema.org\/CreativeWork\" ><div class='avia_textblock card-round card-round2'  itemprop=\"text\" ><h3>Benefits<\/h3>\n<ul>\n<li>Our role consists of organizing or co-originating \/ structuring and syndicating lines of credit, medium or long-term syndicated loans, mezzanine financing and the like; as well as letters of credit, guarantees and &#8220;factoring&#8221; with structured financial products to raise debt and involve one or more debtors and a syndicate (group) of banks for greater benefit, among those:\n<ul>\n<li>Evaluation of alternative debt and capital structures<\/li>\n<li>Preparation of a Confidential Placement Memorandum<\/li>\n<li>Identification and contact with potential borrowers and investors<\/li>\n<li>Interest rate analysis, subscription criteria, structural problems, &#8220;covenants&#8221;, and other terms<\/li>\n<li>Investor oversight\/due diligence, and<\/li>\n<li>Negotiation and closing of capital raising transactions<\/li>\n<\/ul>\n<\/li>\n<\/ul>\n<\/div><\/section><br \/>\n<section  class='av_textblock_section av-krnqg8w6-8acc5bd491ca22c5d857ab3241cec17a '   itemscope=\"itemscope\" itemtype=\"https:\/\/schema.org\/CreativeWork\" ><div class='avia_textblock card-round card-round2'  itemprop=\"text\" ><h3><strong>Requirements<\/strong><\/h3>\n<ul>\n<li>Have a suitable Project Finance for projects such as:\n<ul>\n<li>Hydroelectric Plants and Thermoelectric Plants<\/li>\n<li>Wind Farms (Wind Energy)<\/li>\n<li>Highways<\/li>\n<li>Urban Transport (i.e Metro)<\/li>\n<li>Ports \/ Airports<\/li>\n<li>Drainage projects and water treatment plants<\/li>\n<li>Geothermal and Biomass Energy Projects<\/li>\n<li>Solar Panel Fields (Solar Energy)<\/li>\n<\/ul>\n<\/li>\n<\/ul>\n<\/div><\/section><br \/>\n<section  class='av_textblock_section av-krnq5jpu-fdab1ab091810e8099ef78b37894ea89 '   itemscope=\"itemscope\" itemtype=\"https:\/\/schema.org\/CreativeWork\" ><div class='avia_textblock card-round card-round2'  itemprop=\"text\" ><h3><strong>Further information <\/strong><\/h3>\n<p>To obtain further information on Structured Finance, write us at <a class=\"chblue_link\" style=\"color: #006699;\" href=\"mailto:servicioalcliente@bicsa.com?subject=Structured%20Finance%20-%20Corporate%20Banking\">this email<\/a> and one of our executives will communicate with you.<\/p>\n<\/div><\/section><\/p><\/div>\n<style type=\"text\/css\" data-created_by=\"avia_inline_auto\" id=\"style-css-av-a9mm5w-a8f56b5133822df3e8602d529178edd7\">\n.flex_column.av-a9mm5w-a8f56b5133822df3e8602d529178edd7{\nborder-radius:0px 0px 0px 0px;\npadding:0px 0px 0px 0px;\n}\n<\/style>\n<div  class='flex_column av-a9mm5w-a8f56b5133822df3e8602d529178edd7 av_two_fifth  avia-builder-el-6  el_after_av_three_fifth  avia-builder-el-last  flex_column_div av-zero-column-padding  '     ><p>\n<style type=\"text\/css\" data-created_by=\"avia_inline_auto\" id=\"style-css-av-krnqhgbp-96539984650a830b2ec6647488392564\">\n.avia-image-container.av-krnqhgbp-96539984650a830b2ec6647488392564 img.avia_image{\nbox-shadow:none;\n}\n.avia-image-container.av-krnqhgbp-96539984650a830b2ec6647488392564 .av-image-caption-overlay-center{\ncolor:#ffffff;\n}\n<\/style>\n<div  class='avia-image-container av-krnqhgbp-96539984650a830b2ec6647488392564 av-styling- avia-align-center  avia-builder-el-7  el_before_av_textblock  avia-builder-el-first  mb-4'   itemprop=\"image\" itemscope=\"itemscope\" itemtype=\"https:\/\/schema.org\/ImageObject\" ><div class=\"avia-image-container-inner\"><div class=\"avia-image-overlay-wrap\"><img fetchpriority=\"high\" decoding=\"async\" fetchpriority=\"high\" fetchpriority=\"high\" class='wp-image-9774 avia-img-lazy-loading-not-9774 avia_image ' src=\"https:\/\/www.bicsa.com\/wp-content\/uploads\/2022\/04\/FINANZAS-ESTRUCTURADAS.png\" alt='' title='FINANZAS-ESTRUCTURADAS'  height=\"333\" width=\"500\"  itemprop=\"thumbnailUrl\" srcset=\"https:\/\/www.bicsa.com\/wp-content\/uploads\/2022\/04\/FINANZAS-ESTRUCTURADAS.png 500w, https:\/\/www.bicsa.com\/wp-content\/uploads\/2022\/04\/FINANZAS-ESTRUCTURADAS-300x200.png 300w, https:\/\/www.bicsa.com\/wp-content\/uploads\/2022\/04\/FINANZAS-ESTRUCTURADAS-24x16.png 24w, https:\/\/www.bicsa.com\/wp-content\/uploads\/2022\/04\/FINANZAS-ESTRUCTURADAS-36x24.png 36w, https:\/\/www.bicsa.com\/wp-content\/uploads\/2022\/04\/FINANZAS-ESTRUCTURADAS-48x32.png 48w\" sizes=\"(max-width: 500px) 100vw, 500px\" \/><\/div><\/div><\/div><br \/>\n<section  class='av_textblock_section av-krnqh9fd-3d43b65bc719710810f21a5a15557c8f '   itemscope=\"itemscope\" itemtype=\"https:\/\/schema.org\/CreativeWork\" ><div class='avia_textblock card-round'  itemprop=\"text\" >\n<div class=\"wpcf7 no-js\" id=\"wpcf7-f3251-o1\" lang=\"es-ES\" dir=\"ltr\" data-wpcf7-id=\"3251\">\n<div class=\"screen-reader-response\"><p role=\"status\" aria-live=\"polite\" aria-atomic=\"true\"><\/p> <ul><\/ul><\/div>\n<form action=\"\/en\/wp-json\/wp\/v2\/pages\/4977#wpcf7-f3251-o1\" method=\"post\" class=\"wpcf7-form init\" aria-label=\"Formulario de contacto\" novalidate=\"novalidate\" data-status=\"init\">\n<fieldset class=\"hidden-fields-container\"><input type=\"hidden\" name=\"_wpcf7\" value=\"3251\" \/><input type=\"hidden\" name=\"_wpcf7_version\" value=\"6.1.2\" \/><input type=\"hidden\" name=\"_wpcf7_locale\" value=\"es_ES\" \/><input type=\"hidden\" name=\"_wpcf7_unit_tag\" value=\"wpcf7-f3251-o1\" \/><input type=\"hidden\" name=\"_wpcf7_container_post\" value=\"0\" \/><input type=\"hidden\" name=\"_wpcf7_posted_data_hash\" value=\"\" \/><input type=\"hidden\" name=\"_wpcf7_recaptcha_response\" value=\"\" \/>\n<\/fieldset>\n<h4>SOLICITE M\u00c1S INFORMACI\u00d3N\n<\/h4>\n<div class=\"wpcf7-response-output\" aria-hidden=\"true\"><\/div>\n<p><span class=\"wpcf7-form-control-wrap\" data-name=\"your-name\"><input size=\"40\" maxlength=\"50\" minlength=\"5\" class=\"wpcf7-form-control wpcf7-text wpcf7-validates-as-required\" aria-required=\"true\" aria-invalid=\"false\" placeholder=\"Nombre completo\" value=\"\" type=\"text\" name=\"your-name\" \/><\/span><br \/>\n<span class=\"wpcf7-form-control-wrap\" data-name=\"your-email\"><input size=\"40\" maxlength=\"50\" minlength=\"5\" class=\"wpcf7-form-control wpcf7-email wpcf7-validates-as-required wpcf7-text wpcf7-validates-as-email\" aria-required=\"true\" aria-invalid=\"false\" placeholder=\"Email\" value=\"\" type=\"email\" name=\"your-email\" \/><\/span><br \/>\n<strong>Seleccione una opci\u00f3n<\/strong><br \/>\n<span class=\"wpcf7-form-control-wrap\" data-name=\"producto\"><select class=\"wpcf7-form-control wpcf7-select wpcf7-validates-as-required\" aria-required=\"true\" aria-invalid=\"false\" name=\"producto\"><option value=\"Pr\u00e9stamos\">Pr\u00e9stamos<\/option><option value=\"Cuenta corriente\">Cuenta corriente<\/option><option value=\"Cuentas de ahorros\">Cuentas de ahorros<\/option><option value=\"Tarjeta de Cr\u00e9dito\">Tarjeta de Cr\u00e9dito<\/option><option value=\"Factoring\">Factoring<\/option><option value=\"Fideicomisos\">Fideicomisos<\/option><option value=\"Leasing\">Leasing<\/option><option value=\"Certificado de Deposito\">Certificado de Deposito<\/option><option value=\"Riesgos ambientales y sociales\">Riesgos ambientales y sociales<\/option><\/select><\/span><br \/>\n<strong><br \/>\nPa\u00eds<\/strong><br \/>\n<span class=\"wpcf7-form-control-wrap\" data-name=\"pais\"><input size=\"40\" class=\"wpcf7-form-control wpcf7-countrytext wpcf7-validates-as-required wpcf7-text wpcf7-validates-as-countrytext\" aria-required=\"true\" aria-invalid=\"false\" value=\"\" type=\"text\" name=\"pais\" \/><\/span><br \/>\n<strong> Asunto<\/strong><br \/>\n<span class=\"wpcf7-form-control-wrap\" data-name=\"asunto\"><select class=\"wpcf7-form-control wpcf7-select wpcf7-validates-as-required\" aria-required=\"true\" aria-invalid=\"false\" name=\"asunto\"><option value=\"Consulta\">Consulta<\/option><option value=\"Sugerencia\">Sugerencia<\/option><option value=\"Reporte de Posible Fraude\">Reporte de Posible Fraude<\/option><option value=\"Queja\">Queja<\/option><option value=\"Afectaci\u00f3n ambiental\">Afectaci\u00f3n ambiental<\/option><option value=\"Otro\">Otro<\/option><\/select><\/span>\n<\/p>\n<p><span class=\"wpcf7-form-control-wrap\" data-name=\"your-message\"><textarea cols=\"40\" rows=\"10\" maxlength=\"2000\" class=\"wpcf7-form-control wpcf7-textarea wpcf7-validates-as-required\" aria-required=\"true\" aria-invalid=\"false\" placeholder=\"Comentario\" name=\"your-message\"><\/textarea><\/span>\n<\/p>\n<p><input class=\"wpcf7-form-control wpcf7-submit has-spinner\" type=\"submit\" value=\"Enviar\" \/>\n<\/p>\n<div class=\"avia_textblock\" <p style=\"font-size: 0.9em; margin: 1.5em 0 0 0\"; line-height:1.65em;\">\n\t<p>Para m\u00e1s informaci\u00f3n sobre nuestras pr\u00e1cticas en el tratamiento de datos personales, consulte nuestro <a href=\"https:\/\/www.bicsa.com\/aviso-de-privacidad\/\">Aviso de Privacidad.<\/a>\n\t<\/p>\n<\/div>\n<\/form>\n<\/div>\n\n<\/div><\/section><\/p><\/div><\/div><\/div><\/main><!-- close content main element --><\/div><\/div><div id='after_section_1'  class='main_color av_default_container_wrap container_wrap sidebar_left'  ><div class='container av-section-cont-open' ><div class='template-page content  av-content-small units'><div class='post-entry post-entry-type-page post-entry-4977'><div class='entry-content-wrapper clearfix'>\n","protected":false},"excerpt":{"rendered":"","protected":false},"author":5,"featured_media":9774,"parent":6775,"menu_order":0,"comment_status":"closed","ping_status":"closed","template":"","meta":{"footnotes":""},"class_list":["post-4977","page","type-page","status-publish","has-post-thumbnail","hentry"],"featured_image_src":"https:\/\/www.bicsa.com\/wp-content\/uploads\/2022\/04\/FINANZAS-ESTRUCTURADAS.png","yoast_head":"<!-- This site is optimized with the Yoast SEO plugin v26.1.1 - https:\/\/yoast.com\/wordpress\/plugins\/seo\/ -->\n<title>Structured Finance - BICSA<\/title>\n<meta name=\"robots\" content=\"index, follow, max-snippet:-1, max-image-preview:large, max-video-preview:-1\" \/>\n<link rel=\"canonical\" href=\"https:\/\/www.bicsa.com\/en\/corporate\/structured-finance\/\" \/>\n<meta property=\"og:locale\" content=\"en_US\" \/>\n<meta property=\"og:type\" content=\"article\" \/>\n<meta property=\"og:title\" content=\"Structured Finance - BICSA\" \/>\n<meta property=\"og:url\" content=\"https:\/\/www.bicsa.com\/en\/corporate\/structured-finance\/\" \/>\n<meta property=\"og:site_name\" content=\"BICSA\" \/>\n<meta property=\"article:modified_time\" content=\"2023-04-27T15:02:53+00:00\" \/>\n<meta property=\"og:image\" content=\"https:\/\/www.bicsa.com\/wp-content\/uploads\/2022\/04\/FINANZAS-ESTRUCTURADAS.png\" \/>\n\t<meta property=\"og:image:width\" content=\"500\" \/>\n\t<meta property=\"og:image:height\" content=\"333\" \/>\n\t<meta property=\"og:image:type\" content=\"image\/png\" \/>\n<meta name=\"twitter:card\" content=\"summary_large_image\" \/>\n<meta name=\"twitter:label1\" content=\"Est. reading time\" \/>\n\t<meta name=\"twitter:data1\" content=\"3 minutes\" \/>\n<script type=\"application\/ld+json\" class=\"yoast-schema-graph\">{\"@context\":\"https:\/\/schema.org\",\"@graph\":[{\"@type\":\"WebPage\",\"@id\":\"https:\/\/www.bicsa.com\/en\/corporate\/structured-finance\/\",\"url\":\"https:\/\/www.bicsa.com\/en\/corporate\/structured-finance\/\",\"name\":\"Structured Finance - BICSA\",\"isPartOf\":{\"@id\":\"https:\/\/www.bicsa.com\/en\/#website\"},\"primaryImageOfPage\":{\"@id\":\"https:\/\/www.bicsa.com\/en\/corporate\/structured-finance\/#primaryimage\"},\"image\":{\"@id\":\"https:\/\/www.bicsa.com\/en\/corporate\/structured-finance\/#primaryimage\"},\"thumbnailUrl\":\"https:\/\/www.bicsa.com\/wp-content\/uploads\/2022\/04\/FINANZAS-ESTRUCTURADAS.png\",\"datePublished\":\"2021-08-04T16:03:13+00:00\",\"dateModified\":\"2023-04-27T15:02:53+00:00\",\"breadcrumb\":{\"@id\":\"https:\/\/www.bicsa.com\/en\/corporate\/structured-finance\/#breadcrumb\"},\"inLanguage\":\"en-US\",\"potentialAction\":[{\"@type\":\"ReadAction\",\"target\":[\"https:\/\/www.bicsa.com\/en\/corporate\/structured-finance\/\"]}]},{\"@type\":\"ImageObject\",\"inLanguage\":\"en-US\",\"@id\":\"https:\/\/www.bicsa.com\/en\/corporate\/structured-finance\/#primaryimage\",\"url\":\"https:\/\/www.bicsa.com\/wp-content\/uploads\/2022\/04\/FINANZAS-ESTRUCTURADAS.png\",\"contentUrl\":\"https:\/\/www.bicsa.com\/wp-content\/uploads\/2022\/04\/FINANZAS-ESTRUCTURADAS.png\",\"width\":500,\"height\":333},{\"@type\":\"BreadcrumbList\",\"@id\":\"https:\/\/www.bicsa.com\/en\/corporate\/structured-finance\/#breadcrumb\",\"itemListElement\":[{\"@type\":\"ListItem\",\"position\":1,\"name\":\"Portada\",\"item\":\"https:\/\/www.bicsa.com\/en\/homepage\/\"},{\"@type\":\"ListItem\",\"position\":2,\"name\":\"Corporate\",\"item\":\"https:\/\/www.bicsa.com\/en\/corporate\/\"},{\"@type\":\"ListItem\",\"position\":3,\"name\":\"Structured Finance\"}]},{\"@type\":\"WebSite\",\"@id\":\"https:\/\/www.bicsa.com\/en\/#website\",\"url\":\"https:\/\/www.bicsa.com\/en\/\",\"name\":\"BICSA\",\"description\":\"\",\"potentialAction\":[{\"@type\":\"SearchAction\",\"target\":{\"@type\":\"EntryPoint\",\"urlTemplate\":\"https:\/\/www.bicsa.com\/en\/?s={search_term_string}\"},\"query-input\":{\"@type\":\"PropertyValueSpecification\",\"valueRequired\":true,\"valueName\":\"search_term_string\"}}],\"inLanguage\":\"en-US\"}]}<\/script>\n<!-- \/ Yoast SEO plugin. -->","yoast_head_json":{"title":"Structured Finance - BICSA","robots":{"index":"index","follow":"follow","max-snippet":"max-snippet:-1","max-image-preview":"max-image-preview:large","max-video-preview":"max-video-preview:-1"},"canonical":"https:\/\/www.bicsa.com\/en\/corporate\/structured-finance\/","og_locale":"en_US","og_type":"article","og_title":"Structured Finance - BICSA","og_url":"https:\/\/www.bicsa.com\/en\/corporate\/structured-finance\/","og_site_name":"BICSA","article_modified_time":"2023-04-27T15:02:53+00:00","og_image":[{"width":500,"height":333,"url":"https:\/\/www.bicsa.com\/wp-content\/uploads\/2022\/04\/FINANZAS-ESTRUCTURADAS.png","type":"image\/png"}],"twitter_card":"summary_large_image","twitter_misc":{"Est. reading time":"3 minutes"},"schema":{"@context":"https:\/\/schema.org","@graph":[{"@type":"WebPage","@id":"https:\/\/www.bicsa.com\/en\/corporate\/structured-finance\/","url":"https:\/\/www.bicsa.com\/en\/corporate\/structured-finance\/","name":"Structured Finance - BICSA","isPartOf":{"@id":"https:\/\/www.bicsa.com\/en\/#website"},"primaryImageOfPage":{"@id":"https:\/\/www.bicsa.com\/en\/corporate\/structured-finance\/#primaryimage"},"image":{"@id":"https:\/\/www.bicsa.com\/en\/corporate\/structured-finance\/#primaryimage"},"thumbnailUrl":"https:\/\/www.bicsa.com\/wp-content\/uploads\/2022\/04\/FINANZAS-ESTRUCTURADAS.png","datePublished":"2021-08-04T16:03:13+00:00","dateModified":"2023-04-27T15:02:53+00:00","breadcrumb":{"@id":"https:\/\/www.bicsa.com\/en\/corporate\/structured-finance\/#breadcrumb"},"inLanguage":"en-US","potentialAction":[{"@type":"ReadAction","target":["https:\/\/www.bicsa.com\/en\/corporate\/structured-finance\/"]}]},{"@type":"ImageObject","inLanguage":"en-US","@id":"https:\/\/www.bicsa.com\/en\/corporate\/structured-finance\/#primaryimage","url":"https:\/\/www.bicsa.com\/wp-content\/uploads\/2022\/04\/FINANZAS-ESTRUCTURADAS.png","contentUrl":"https:\/\/www.bicsa.com\/wp-content\/uploads\/2022\/04\/FINANZAS-ESTRUCTURADAS.png","width":500,"height":333},{"@type":"BreadcrumbList","@id":"https:\/\/www.bicsa.com\/en\/corporate\/structured-finance\/#breadcrumb","itemListElement":[{"@type":"ListItem","position":1,"name":"Portada","item":"https:\/\/www.bicsa.com\/en\/homepage\/"},{"@type":"ListItem","position":2,"name":"Corporate","item":"https:\/\/www.bicsa.com\/en\/corporate\/"},{"@type":"ListItem","position":3,"name":"Structured Finance"}]},{"@type":"WebSite","@id":"https:\/\/www.bicsa.com\/en\/#website","url":"https:\/\/www.bicsa.com\/en\/","name":"BICSA","description":"","potentialAction":[{"@type":"SearchAction","target":{"@type":"EntryPoint","urlTemplate":"https:\/\/www.bicsa.com\/en\/?s={search_term_string}"},"query-input":{"@type":"PropertyValueSpecification","valueRequired":true,"valueName":"search_term_string"}}],"inLanguage":"en-US"}]}},"_links":{"self":[{"href":"https:\/\/www.bicsa.com\/en\/wp-json\/wp\/v2\/pages\/4977","targetHints":{"allow":["GET"]}}],"collection":[{"href":"https:\/\/www.bicsa.com\/en\/wp-json\/wp\/v2\/pages"}],"about":[{"href":"https:\/\/www.bicsa.com\/en\/wp-json\/wp\/v2\/types\/page"}],"author":[{"embeddable":true,"href":"https:\/\/www.bicsa.com\/en\/wp-json\/wp\/v2\/users\/5"}],"replies":[{"embeddable":true,"href":"https:\/\/www.bicsa.com\/en\/wp-json\/wp\/v2\/comments?post=4977"}],"version-history":[{"count":17,"href":"https:\/\/www.bicsa.com\/en\/wp-json\/wp\/v2\/pages\/4977\/revisions"}],"predecessor-version":[{"id":13652,"href":"https:\/\/www.bicsa.com\/en\/wp-json\/wp\/v2\/pages\/4977\/revisions\/13652"}],"up":[{"embeddable":true,"href":"https:\/\/www.bicsa.com\/en\/wp-json\/wp\/v2\/pages\/6775"}],"wp:featuredmedia":[{"embeddable":true,"href":"https:\/\/www.bicsa.com\/en\/wp-json\/wp\/v2\/media\/9774"}],"wp:attachment":[{"href":"https:\/\/www.bicsa.com\/en\/wp-json\/wp\/v2\/media?parent=4977"}],"curies":[{"name":"wp","href":"https:\/\/api.w.org\/{rel}","templated":true}]}}